{"id":252,"date":"2021-08-28T15:48:27","date_gmt":"2021-08-28T15:48:27","guid":{"rendered":"https:\/\/espacos.info\/wp\/francogalvao\/?page_id=252"},"modified":"2025-02-05T12:14:44","modified_gmt":"2025-02-05T12:14:44","slug":"vadico","status":"publish","type":"page","link":"https:\/\/francogalvao.com\/?page_id=252","title":{"rendered":"vadico"},"content":{"rendered":"<p>[et_pb_section fb_built=&#8221;1&#8243; _builder_version=&#8221;4.6.4&#8243; _module_preset=&#8221;default&#8221; background_image=&#8221;http:\/\/francogalvao.com\/wp-content\/uploads\/2021\/06\/bg-branco.png&#8221; background_size=&#8221;initial&#8221; background_repeat=&#8221;repeat&#8221;][et_pb_row _builder_version=&#8221;4.6.4&#8243; _module_preset=&#8221;default&#8221; custom_padding=&#8221;0px|||||&#8221;][et_pb_column type=&#8221;4_4&#8243; _builder_version=&#8221;4.6.4&#8243; _module_preset=&#8221;default&#8221;][et_pb_text _builder_version=&#8221;4.6.4&#8243; _module_preset=&#8221;default&#8221;]<\/p>\n<h2 style=\"text-align: justify;\"><img loading=\"lazy\" decoding=\"async\" class=\"wp-image-182 alignright size-full\" style=\"margin: 0 0 1.5em 1em;\" src=\"http:\/\/francogalvao.com\/wp-content\/uploads\/2022\/01\/vadico-img.jpeg\" alt=\"\" width=\"438\" height=\"876\" \/><strong>projeto vadico<\/strong><\/h2>\n<p><span style=\"font-weight: 400;\"><br \/>\nEm 2021, o m\u00fasico Franco Galv\u00e3o descobriu 400 p\u00e1ginas de partituras in\u00e9ditas do compositor Vadico no acervo da bailarina Katherine Dunham, armazenado pela Southern University of Illinois, nos Estados Unidos da Am\u00e9rica.<\/span><\/p>\n<p><span style=\"font-weight: 400;\">Vadico foi um dos principal parceiro de Noel Rosa e juntos compuseram <\/span><i><span style=\"font-weight: 400;\">Conversa de Botequim<\/span><\/i><span style=\"font-weight: 400;\">, <\/span><i><span style=\"font-weight: 400;\">Feiti\u00e7o da Vila<\/span><\/i><span style=\"font-weight: 400;\">, <\/span><i><span style=\"font-weight: 400;\">Feitio de Ora\u00e7\u00e3o<\/span><\/i><span style=\"font-weight: 400;\">, entre outras. Apagado pela grandeza de Noel, Vadico nunca chegou a receber a devida aten\u00e7\u00e3o.<\/span><\/p>\n<p><span style=\"font-weight: 400;\">J\u00e1 era fato conhecido que existiam m\u00fasicas de Vadico que estavam perdidas. Em 1956, Vinicius de Moraes escreveu sobre uns tais <\/span><i><span style=\"font-weight: 400;\">Choros<\/span><\/i><span style=\"font-weight: 400;\"> e <\/span><i><span style=\"font-weight: 400;\">Fuga e Prel\u00fadio<\/span><\/i><span style=\"font-weight: 400;\">, composi\u00e7\u00f5es que Vadico teria regido junto a Orquestra Sinf\u00f4nica de Santiago, mas ningu\u00e9m tinha tido not\u00edcia desse material.\u00a0<\/span><\/p>\n<p><span style=\"font-weight: 400;\">O pontap\u00e9 da pesquisa foi quando o pesquisador Itamar Dantas encontrou um disco de Katherine Dunham com tr\u00eas m\u00fasicas desconhecidas de Vadico e incentivou Franco Galv\u00e3o a avan\u00e7ar na busca.<\/span><\/p>\n<p><span style=\"font-weight: 400;\">Depois de alguns meses, o m\u00fasico conversou por telefone com a filha de Katherine Dunham, Marie-Christine Dunham Pratt, que o instruiu sobre onde encontrar o material musical produzido pela companhia de dan\u00e7a da m\u00e3e. Vadico foi diretor musical de Katherine por 3 anos e, portanto, havia uma grande chance de haver alguma coisa dele no arquivo da bailarina.<\/span><\/p>\n<p><span style=\"font-weight: 400;\">As suspeitas foram confirmadas com a descoberta desse incr\u00edvel material musical! O conte\u00fado \u00e9 formado por v\u00e1rios estilos, tanto m\u00fasica popular quanto de concerto, arranjados para grandes e m\u00e9dias forma\u00e7\u00f5es, como orquestra sinf\u00f4nica, big band e orquestra de cordas.<\/span><\/p>\n<p><span style=\"font-weight: 400;\">Ap\u00f3s o recolhimento das partituras, o m\u00fasico apresentou para o Selo Sesc um projeto para grava\u00e7\u00e3o da obra in\u00e9dita e de regrava\u00e7\u00e3o de composi\u00e7\u00f5es raras de Vadico. A proposta foi aprovada \u201ccom louvor\u201d pela curadoria.<\/span><\/p>\n<p style=\"text-align: left;\">Assista a mat\u00e9ria televisiva feita por Helo\u00edsa Villela sobre a pesquisa de Franco Galv\u00e3o e a descoberta das m\u00fasicas in\u00e9ditas de Vadico.<\/p>\n<p><iframe loading=\"lazy\" title=\"M\u00fasicas In\u00e9ditas de Vadico s\u00e3o encontradas nos EUA por Franco Galv\u00e3o\" width=\"1080\" height=\"608\" src=\"https:\/\/www.youtube.com\/embed\/iac38-tbeAQ?feature=oembed\" frameborder=\"0\" allow=\"accelerometer; autoplay; clipboard-write; encrypted-media; gyroscope; picture-in-picture; web-share\" referrerpolicy=\"strict-origin-when-cross-origin\" allowfullscreen><\/iframe><\/p>\n<p>E Franco Galv\u00e3o tamb\u00e9m fez um site para o Vadico. T\u00e1 muito lindo! Entr\u00e1 l\u00e1!\u00a0<a href=\"https:\/\/vadicogogliano.com\">https:\/\/vadicogogliano.com<\/a><\/p>\n<p>[\/et_pb_text][\/et_pb_column][\/et_pb_row][\/et_pb_section]<\/p>\n","protected":false},"excerpt":{"rendered":"<p>[et_pb_section fb_built=&#8221;1&#8243; _builder_version=&#8221;4.6.4&#8243; _module_preset=&#8221;default&#8221; background_image=&#8221;http:\/\/francogalvao.com\/wp-content\/uploads\/2021\/06\/bg-branco.png&#8221; background_size=&#8221;initial&#8221; background_repeat=&#8221;repeat&#8221;][et_pb_row _builder_version=&#8221;4.6.4&#8243; _module_preset=&#8221;default&#8221; custom_padding=&#8221;0px|||||&#8221;][et_pb_column type=&#8221;4_4&#8243; _builder_version=&#8221;4.6.4&#8243; _module_preset=&#8221;default&#8221;][et_pb_text _builder_version=&#8221;4.6.4&#8243; _module_preset=&#8221;default&#8221;] projeto vadico Em 2021, o m\u00fasico Franco Galv\u00e3o descobriu 400 p\u00e1ginas de partituras in\u00e9ditas do compositor Vadico no acervo da bailarina Katherine Dunham, armazenado pela Southern University of Illinois, nos Estados Unidos da Am\u00e9rica. Vadico foi um dos principal parceiro [&hellip;]<\/p>\n","protected":false},"author":1,"featured_media":0,"parent":0,"menu_order":0,"comment_status":"closed","ping_status":"closed","template":"","meta":{"_et_pb_use_builder":"on","_et_pb_old_content":"","_et_gb_content_width":"","om_disable_all_campaigns":false,"_monsterinsights_skip_tracking":false,"_monsterinsights_sitenote_active":false,"_monsterinsights_sitenote_note":"","_monsterinsights_sitenote_category":0,"footnotes":""},"aioseo_notices":[],"_links":{"self":[{"href":"https:\/\/francogalvao.com\/index.php?rest_route=\/wp\/v2\/pages\/252"}],"collection":[{"href":"https:\/\/francogalvao.com\/index.php?rest_route=\/wp\/v2\/pages"}],"about":[{"href":"https:\/\/francogalvao.com\/index.php?rest_route=\/wp\/v2\/types\/page"}],"author":[{"embeddable":true,"href":"https:\/\/francogalvao.com\/index.php?rest_route=\/wp\/v2\/users\/1"}],"replies":[{"embeddable":true,"href":"https:\/\/francogalvao.com\/index.php?rest_route=%2Fwp%2Fv2%2Fcomments&post=252"}],"version-history":[{"count":24,"href":"https:\/\/francogalvao.com\/index.php?rest_route=\/wp\/v2\/pages\/252\/revisions"}],"predecessor-version":[{"id":742,"href":"https:\/\/francogalvao.com\/index.php?rest_route=\/wp\/v2\/pages\/252\/revisions\/742"}],"wp:attachment":[{"href":"https:\/\/francogalvao.com\/index.php?rest_route=%2Fwp%2Fv2%2Fmedia&parent=252"}],"curies":[{"name":"wp","href":"https:\/\/api.w.org\/{rel}","templated":true}]}}