{"id":520,"date":"2022-06-13T20:24:08","date_gmt":"2022-06-13T20:24:08","guid":{"rendered":"https:\/\/francogalvao.com\/?page_id=520"},"modified":"2024-02-29T23:01:00","modified_gmt":"2024-02-29T23:01:00","slug":"vadico-3","status":"publish","type":"page","link":"https:\/\/francogalvao.com\/?page_id=520&lang=en","title":{"rendered":"vadico"},"content":{"rendered":"<p>[et_pb_section fb_built=&#8221;1&#8243; _builder_version=&#8221;4.6.4&#8243; _module_preset=&#8221;default&#8221; background_image=&#8221;http:\/\/francogalvao.com\/wp-content\/uploads\/2021\/06\/bg-branco.png&#8221; background_size=&#8221;initial&#8221; background_repeat=&#8221;repeat&#8221;][et_pb_row _builder_version=&#8221;4.6.4&#8243; _module_preset=&#8221;default&#8221; custom_padding=&#8221;0px|||||&#8221;][et_pb_column type=&#8221;4_4&#8243; _builder_version=&#8221;4.6.4&#8243; _module_preset=&#8221;default&#8221;][et_pb_text _builder_version=&#8221;4.6.4&#8243; _module_preset=&#8221;default&#8221; hover_enabled=&#8221;0&#8243; sticky_enabled=&#8221;0&#8243;]<\/p>\n<h2 style=\"text-align: justify;\"><img loading=\"lazy\" decoding=\"async\" src=\"http:\/\/francogalvao.com\/wp-content\/uploads\/2022\/01\/vadico-img.jpeg\" alt=\"\" class=\"wp-image-182 alignright size-full\" style=\"margin: 0 0 1.5em 1em;\" width=\"438\" height=\"876\" \/> <strong>projeto vadico<\/strong><\/h2>\n<p><span style=\"font-weight: 400;\"><br \/> In 2021, musician Franco Galv\u00e3o discovered around 400 pages of unpublished scores by composer Vadico in the ballerina Katherine Dunham&#8217;s collection, stored by the Southern University of Illinois, in the United States of America.<\/span><\/p>\n<p><span style=\"font-weight: 400;\">Vadico was Noel Rosa&#8217;s main partner and together they composed <\/span><i><span style=\"font-weight: 400;\">Conversa de Botequim, Feiti\u00e7o da Vila, Feitio de Ora\u00e7\u00e3o<\/span><\/i><span style=\"font-weight: 400;\">, among others. Dulled out by Noel&#8217;s grandeur, Vadico never received the due attention.<\/span><\/p>\n<p><span style=\"font-weight: 400;\">However, it was already known that there were songs by Vadico that were lost. In 1956, Vinicius de Moraes wrote about these lost <\/span><i><span style=\"font-weight: 400;\">Choros <\/span><\/i><span style=\"font-weight: 400;\">and <\/span><i><span style=\"font-weight: 400;\">Fuga e Prel\u00fadio<\/span><\/i><span style=\"font-weight: 400;\">, compositions that Vadico would have conducted the Santiago Symphony Orchestra, but no one had ever heard of this material.<\/span><\/p>\n<p><span style=\"font-weight: 400;\">The research kicked off when researcher Itamar Dantas found an album by Katherine Dunham with three unknown songs by Vadico and encouraged Franco Galv\u00e3o to advance in the search.<\/span><\/p>\n<p><span style=\"font-weight: 400;\">After a few months, the musician spoke by phone with Katherine Dunham&#8217;s daughter, Marie-Christine Dunham Pratt, who instructed him on where to find the musical material produced by her mother&#8217;s dance company. Vadico was Katherine&#8217;s musical director for 3 years and therefore there was a good chance there was something of him in the ballerina&#8217;s archive.<\/span><\/p>\n<p><span style=\"font-weight: 400;\">Suspicions were confirmed with the discovery of incredible musical material! The content is made of various styles, both popular and concert music, arranged for large and medium-sized groups, such as symphony orchestra and big band.<\/span><\/p>\n<p><span style=\"font-weight: 400;\">After the virtual collection of the scores, the musician presented to \u201cSelo Sesc\u201d a project for recording the unpublished work and re-recording of rare compositions by Vadico. The proposal was approved \u201cwith praise\u201d by the curatorship.<\/span><\/p>\n<p><span style=\"font-weight: 400;\">Now the project is being carried out, with launch scheduled for 2025. At this moment, two recoding section have been done. The first one were recorded jazz formation with invited solists &#8211; watch:<\/span><\/p>\n<p><iframe loading=\"lazy\" title=\"Grava\u00e7\u00e3o 1 Vadico Selo Sesc 29, 30 e 31 de abril 2023\" width=\"1080\" height=\"608\" src=\"https:\/\/www.youtube.com\/embed\/YGkZYlSr4gQ?feature=oembed\" frameborder=\"0\" allow=\"accelerometer; autoplay; clipboard-write; encrypted-media; gyroscope; picture-in-picture; web-share\" allowfullscreen><\/iframe><\/p>\n<p><span style=\"font-weight: 400;\"><\/span><\/p>\n<p><span style=\"font-weight: 400;\">The second recording section were recorded the Orchestra with jazz ensemble and invited soloists and singers &#8211; watch:<\/span><\/p>\n<p><iframe loading=\"lazy\" title=\"Grava\u00e7\u00e3o 2 Vadico Selo Sesc OCAM 23, 24, 25 e 26 de outubro de 2023\" width=\"1080\" height=\"608\" src=\"https:\/\/www.youtube.com\/embed\/uoQvLWMDF6Q?feature=oembed\" frameborder=\"0\" allow=\"accelerometer; autoplay; clipboard-write; encrypted-media; gyroscope; picture-in-picture; web-share\" allowfullscreen><\/iframe><\/p>\n<p><span style=\"font-weight: 400;\"><\/span><\/p>\n<p><span style=\"font-weight: 400;\">To find out more, collaborate with the work and receive information about Vadico&#8217;s work and the development of project activities. In return, when the CD is ready, you will receive a gift copy, with your name printed on the insert, an autograph and a special dedication.<\/span><\/p>\n<p><span style=\"font-weight: 400;\">Support Franco Galv\u00e3o via the Patreon platform. <\/span><span style=\"font-weight: 400;\"><a href=\"https:\/\/patreon.com\/francog\">https:\/\/patreon.com\/francog<\/a><a href=\"https:\/\/patreon.com\/francog\"><\/a><\/span><\/p>\n<p>Watch the television report made by Helo\u00edsa Villela about Franco Galv\u00e3o&#8217;s research and the discovery of Vadico&#8217;s unreleased music pieces:<span style=\"font-weight: 400;\"><\/span><\/p>\n<p><iframe loading=\"lazy\" title=\"M\u00fasicas In\u00e9ditas de Vadico s\u00e3o encontradas nos EUA por Franco Galv\u00e3o\" width=\"1080\" height=\"608\" src=\"https:\/\/www.youtube.com\/embed\/iac38-tbeAQ?feature=oembed\" frameborder=\"0\" allow=\"accelerometer; autoplay; clipboard-write; encrypted-media; gyroscope; picture-in-picture; web-share\" allowfullscreen><\/iframe><\/p>\n<p style=\"text-align: left;\">And also Franco Galv\u00e3o made a website for Vadico. Check it out!\u00a0<a href=\"https:\/\/vadicogogliano.com\">https:\/\/vadicogogliano.com<\/a><\/p>\n<p>[\/et_pb_text][\/et_pb_column][\/et_pb_row][\/et_pb_section]<\/p>\n","protected":false},"excerpt":{"rendered":"<p>[et_pb_section fb_built=&#8221;1&#8243; _builder_version=&#8221;4.6.4&#8243; _module_preset=&#8221;default&#8221; background_image=&#8221;http:\/\/francogalvao.com\/wp-content\/uploads\/2021\/06\/bg-branco.png&#8221; background_size=&#8221;initial&#8221; background_repeat=&#8221;repeat&#8221;][et_pb_row _builder_version=&#8221;4.6.4&#8243; _module_preset=&#8221;default&#8221; custom_padding=&#8221;0px|||||&#8221;][et_pb_column type=&#8221;4_4&#8243; _builder_version=&#8221;4.6.4&#8243; _module_preset=&#8221;default&#8221;][et_pb_text _builder_version=&#8221;4.6.4&#8243; _module_preset=&#8221;default&#8221; hover_enabled=&#8221;0&#8243; sticky_enabled=&#8221;0&#8243;] projeto vadico In 2021, musician Franco Galv\u00e3o discovered around 400 pages of unpublished scores by composer Vadico in the ballerina Katherine Dunham&#8217;s collection, stored by the Southern University of Illinois, in the United States of America. Vadico was [&hellip;]<\/p>\n","protected":false},"author":1,"featured_media":0,"parent":0,"menu_order":0,"comment_status":"closed","ping_status":"closed","template":"","meta":{"_et_pb_use_builder":"on","_et_pb_old_content":"","_et_gb_content_width":"","om_disable_all_campaigns":false,"_monsterinsights_skip_tracking":false,"_monsterinsights_sitenote_active":false,"_monsterinsights_sitenote_note":"","_monsterinsights_sitenote_category":0,"footnotes":""},"aioseo_notices":[],"_links":{"self":[{"href":"https:\/\/francogalvao.com\/index.php?rest_route=\/wp\/v2\/pages\/520"}],"collection":[{"href":"https:\/\/francogalvao.com\/index.php?rest_route=\/wp\/v2\/pages"}],"about":[{"href":"https:\/\/francogalvao.com\/index.php?rest_route=\/wp\/v2\/types\/page"}],"author":[{"embeddable":true,"href":"https:\/\/francogalvao.com\/index.php?rest_route=\/wp\/v2\/users\/1"}],"replies":[{"embeddable":true,"href":"https:\/\/francogalvao.com\/index.php?rest_route=%2Fwp%2Fv2%2Fcomments&post=520"}],"version-history":[{"count":26,"href":"https:\/\/francogalvao.com\/index.php?rest_route=\/wp\/v2\/pages\/520\/revisions"}],"predecessor-version":[{"id":721,"href":"https:\/\/francogalvao.com\/index.php?rest_route=\/wp\/v2\/pages\/520\/revisions\/721"}],"wp:attachment":[{"href":"https:\/\/francogalvao.com\/index.php?rest_route=%2Fwp%2Fv2%2Fmedia&parent=520"}],"curies":[{"name":"wp","href":"https:\/\/api.w.org\/{rel}","templated":true}]}}