{"id":530,"date":"2022-06-14T13:01:41","date_gmt":"2022-06-14T13:01:41","guid":{"rendered":"https:\/\/francogalvao.com\/?page_id=530"},"modified":"2024-02-29T22:37:07","modified_gmt":"2024-02-29T22:37:07","slug":"productions","status":"publish","type":"page","link":"https:\/\/francogalvao.com\/?page_id=530&lang=en","title":{"rendered":"productions"},"content":{"rendered":"<p>[et_pb_section fb_built=&#8221;1&#8243; _builder_version=&#8221;4.6.4&#8243; _module_preset=&#8221;default&#8221; background_color=&#8221;#ffffff&#8221; background_image=&#8221;http:\/\/francogalvao.com\/wp-content\/uploads\/2021\/06\/bg-branco.png&#8221; background_size=&#8221;initial&#8221; background_repeat=&#8221;repeat&#8221;][et_pb_row _builder_version=&#8221;4.6.4&#8243; _module_preset=&#8221;default&#8221; custom_margin=&#8221;0px|auto|0px|auto|false|false&#8221; custom_padding=&#8221;0px||0px||false|false&#8221;][et_pb_column type=&#8221;4_4&#8243; _builder_version=&#8221;4.6.4&#8243; _module_preset=&#8221;default&#8221; custom_padding=&#8221;0px||0px||false|false&#8221;][et_pb_text _builder_version=&#8221;4.6.4&#8243; _module_preset=&#8221;default&#8221; text_font=&#8221;||||||||&#8221; text_text_color=&#8221;#222222&#8243; link_text_color=&#8221;#b27100&#8243; header_font=&#8221;Merriweather||||||||&#8221; header_text_color=&#8221;#000000&#8243; header_font_size=&#8221;4em&#8221; header_2_font=&#8221;Merriweather||||||||&#8221; header_3_font=&#8221;Merriweather||||||||&#8221; header_3_line_height=&#8221;1.75em&#8221; width=&#8221;100%&#8221; min_height=&#8221;32px&#8221; custom_margin=&#8221;||||false|false&#8221; custom_padding=&#8221;||18px||false|false&#8221; hover_enabled=&#8221;0&#8243; sticky_enabled=&#8221;0&#8243;]<\/p>\n<h2 id=\"espera\"><strong>productions<\/strong><\/h2>\n<p>[\/et_pb_text][\/et_pb_column][\/et_pb_row][et_pb_row column_structure=&#8221;1_2,1_2&#8243; _builder_version=&#8221;4.6.4&#8243; _module_preset=&#8221;default&#8221;][et_pb_column type=&#8221;1_2&#8243; _builder_version=&#8221;4.6.4&#8243; _module_preset=&#8221;default&#8221;][et_pb_text _builder_version=&#8221;4.6.4&#8243; _module_preset=&#8221;default&#8221; text_font=&#8221;||||||||&#8221; text_text_color=&#8221;#222222&#8243; link_text_color=&#8221;#b27100&#8243; header_font=&#8221;Merriweather||||||||&#8221; header_text_color=&#8221;#000000&#8243; header_font_size=&#8221;4em&#8221; header_2_font=&#8221;Merriweather||||||||&#8221; header_3_font=&#8221;Merriweather||||||||&#8221; header_3_line_height=&#8221;1.75em&#8221; custom_margin=&#8221;||||false|false&#8221; custom_padding=&#8221;||0px||false|false&#8221;]<\/p>\n<h2 id=\"espera\"><span style=\"font-weight: 400;\">vadico in voice and guitar<\/span><\/h2>\n<p><span style=\"font-weight: 400;\"><\/span><\/p>\n<p>It&#8217;s a show created by Franco Galv\u00e3o and N\u00e1 Ozzetti in tribute to the composer Vadico.<\/p>\n<p>In the guitar and vocals format, the repertoire includes songs that Vadico composed in partnership with Noel Rosa, such as <em>Conversa de Botequim, Feiti\u00e7o da Vila, Feitio de Ora\u00e7\u00e3o, Cem Mil R\u00e9is, Pra que Mentir?, Mais um Samba Popular<\/em>; and with other partners, such as Vin\u00edcius de Moraes, Marino Pinto, and Alo\u00edsio de Oliveira.\u00a0<\/p>\n<p>[\/et_pb_text][\/et_pb_column][et_pb_column type=&#8221;1_2&#8243; _builder_version=&#8221;4.6.4&#8243; _module_preset=&#8221;default&#8221;][et_pb_image src=&#8221;http:\/\/francogalvao.com\/wp-content\/uploads\/2024\/02\/Na-Ozzetti-e-Franco-Galvao-Casa-de-Francisca-24-de-junho-2023.jpg&#8221; title_text=&#8221;N\u00e1 Ozzetti e Franco Galv\u00e3o Casa de Francisca 24 de junho 2023&#8243; _builder_version=&#8221;4.6.4&#8243; _module_preset=&#8221;default&#8221;][\/et_pb_image][\/et_pb_column][\/et_pb_row][et_pb_row column_structure=&#8221;3_5,2_5&#8243; _builder_version=&#8221;4.6.4&#8243; _module_preset=&#8221;default&#8221;][et_pb_column type=&#8221;3_5&#8243; _builder_version=&#8221;4.6.4&#8243; _module_preset=&#8221;default&#8221;][et_pb_text _builder_version=&#8221;4.6.4&#8243; _module_preset=&#8221;default&#8221; text_font=&#8221;||||||||&#8221; text_text_color=&#8221;#222222&#8243; link_text_color=&#8221;#b27100&#8243; header_font=&#8221;Merriweather||||||||&#8221; header_text_color=&#8221;#000000&#8243; header_font_size=&#8221;4em&#8221; header_2_font=&#8221;Merriweather||||||||&#8221; header_3_font=&#8221;Merriweather||||||||&#8221; header_3_line_height=&#8221;1.75em&#8221; custom_margin=&#8221;||||false|false&#8221; custom_padding=&#8221;||||false|false&#8221;]<\/p>\n<h2 id=\"espera\">kehinde<\/h2>\n<p><span style=\"font-weight: 400;\"><\/span><\/p>\n<p>It&#8217;s a composition that Franco Galv\u00e3o created after reading &#8220;Um Defeito de Cor&#8221; (A Defect of Color) by Ana Maria Goncalves.<\/p>\n<p>The composition blends the rhythms of Aguer\u00ea, a rhythm for Ox\u00f3ssi, and Maculel\u00ea, a rhythm used in wartime contexts.<\/p>\n<p>The piece was performed by an ensemble from the S\u00e3o Paulo State Youth Symphonic Band at the S\u00e3o Pedro Theater on September 2nd, 2023.<\/p>\n<p>The concert was promoted by Emesp Tom Jobim, based on the idea of \u200b\u200bcreating a program that brings together the composition class with the musicians of the band.<\/p>\n<p>[\/et_pb_text][\/et_pb_column][et_pb_column type=&#8221;2_5&#8243; _builder_version=&#8221;4.6.4&#8243; _module_preset=&#8221;default&#8221;][et_pb_video src=&#8221;https:\/\/youtu.be\/Hf2Ft8RT7Qs&#8221; _builder_version=&#8221;4.6.4&#8243; _module_preset=&#8221;default&#8221;][\/et_pb_video][\/et_pb_column][\/et_pb_row][et_pb_row column_structure=&#8221;3_5,2_5&#8243; _builder_version=&#8221;4.6.4&#8243; _module_preset=&#8221;default&#8221;][et_pb_column type=&#8221;3_5&#8243; _builder_version=&#8221;4.6.4&#8243; _module_preset=&#8221;default&#8221;][et_pb_text _builder_version=&#8221;4.6.4&#8243; _module_preset=&#8221;default&#8221; text_font=&#8221;||||||||&#8221; text_text_color=&#8221;#222222&#8243; link_text_color=&#8221;#b27100&#8243; header_font=&#8221;Merriweather||||||||&#8221; header_text_color=&#8221;#000000&#8243; header_font_size=&#8221;4em&#8221; header_2_font=&#8221;Merriweather||||||||&#8221; header_3_font=&#8221;Merriweather||||||||&#8221; header_3_line_height=&#8221;1.75em&#8221; custom_margin=&#8221;||||false|false&#8221; custom_padding=&#8221;||||false|false&#8221;]<\/p>\n<h2 id=\"espera\"><span style=\"font-weight: 400;\">7 string guitar and string quartet<\/span><\/h2>\n<p><span style=\"font-weight: 400;\"><\/span><\/p>\n<p>In 2022 and 2023, Franco Galv\u00e3o was invited by Southern Illinois University to participate in the activities of the School of Music and the SIU Guitar Festival as a visiting musician.<\/p>\n<p>One of the activities was a concert with the SIU Chamber Music Society Versatile Ensemble String Quartet, for which Franco Galv\u00e3o prepared the arrangements.<\/p>\n<p>[\/et_pb_text][\/et_pb_column][et_pb_column type=&#8221;2_5&#8243; _builder_version=&#8221;4.6.4&#8243; _module_preset=&#8221;default&#8221;][et_pb_video src=&#8221;https:\/\/youtu.be\/V3QvrrmqIao&#8221; _builder_version=&#8221;4.6.4&#8243; _module_preset=&#8221;default&#8221;][\/et_pb_video][\/et_pb_column][\/et_pb_row][et_pb_row column_structure=&#8221;3_5,2_5&#8243; _builder_version=&#8221;4.6.4&#8243; _module_preset=&#8221;default&#8221;][et_pb_column type=&#8221;3_5&#8243; _builder_version=&#8221;4.6.4&#8243; _module_preset=&#8221;default&#8221;][et_pb_text _builder_version=&#8221;4.6.4&#8243; _module_preset=&#8221;default&#8221; text_font=&#8221;||||||||&#8221; text_text_color=&#8221;#222222&#8243; link_text_color=&#8221;#b27100&#8243; header_font=&#8221;Merriweather||||||||&#8221; header_text_color=&#8221;#000000&#8243; header_font_size=&#8221;4em&#8221; header_2_font=&#8221;Merriweather||||||||&#8221; header_3_font=&#8221;Merriweather||||||||&#8221; header_3_line_height=&#8221;1.75em&#8221; custom_margin=&#8221;||||false|false&#8221; custom_padding=&#8221;||||false|false&#8221;]<\/p>\n<h2 id=\"espera\"><span style=\"font-weight: 400;\">ningu\u00e9m sabe como<\/span><\/h2>\n<p><span style=\"font-weight: 400;\"><\/span><\/p>\n<p>In 2022, the S\u00e3o Paulo State Youth Symphonic Band performed the composition &#8216;Ningu\u00e9m Sabe Como&#8221; (No one knows how), a composition by Franco Galv\u00e3o in partnership with Cristov\u00e3o Bastos.<\/p>\n<p>The concert took place at the S\u00e3o Pedro Theater in S\u00e3o Paulo on September 17th, 2022. The conductor was Leonardo Labrada.<\/p>\n<p>[\/et_pb_text][\/et_pb_column][et_pb_column type=&#8221;2_5&#8243; _builder_version=&#8221;4.6.4&#8243; _module_preset=&#8221;default&#8221;][et_pb_video src=&#8221;https:\/\/youtu.be\/KIi359uSp4Y&#8221; _builder_version=&#8221;4.6.4&#8243; _module_preset=&#8221;default&#8221;][\/et_pb_video][\/et_pb_column][\/et_pb_row][et_pb_row column_structure=&#8221;3_5,2_5&#8243; _builder_version=&#8221;4.6.4&#8243; _module_preset=&#8221;default&#8221;][et_pb_column type=&#8221;3_5&#8243; _builder_version=&#8221;4.6.4&#8243; _module_preset=&#8221;default&#8221;][et_pb_text _builder_version=&#8221;4.6.4&#8243; _module_preset=&#8221;default&#8221; text_font=&#8221;||||||||&#8221; text_text_color=&#8221;#222222&#8243; link_text_color=&#8221;#b27100&#8243; header_font=&#8221;Merriweather||||||||&#8221; header_text_color=&#8221;#000000&#8243; header_font_size=&#8221;4em&#8221; header_2_font=&#8221;Merriweather||||||||&#8221; header_3_font=&#8221;Merriweather||||||||&#8221; header_3_line_height=&#8221;1.75em&#8221; custom_margin=&#8221;||||false|false&#8221; custom_padding=&#8221;||||false|false&#8221;]<\/p>\n<h2 id=\"espera\"><span style=\"font-weight: 400;\">one year of solitude<\/span><\/h2>\n<p><span style=\"font-weight: 400;\"><\/span><\/p>\n<p>It&#8217;s a solo guitar concert conceived during the most severe period of the Covid-19 pandemic, when Franco Galv\u00e3o was completely isolated.<\/p>\n<p>From this experience arose a subtle musical spectacle, marked by dedication and challenge.<\/p>\n<p>Supported by the ProAC Expresso Lei Aldir Blanc 2021, from the State Government of S\u00e3o Paulo, the project conducted live performances through the social media platforms of various cultural spaces.<\/p>\n<p>In 2022 and 2023, Franco Galv\u00e3o toured this spectacle across the United States. In the video, watch the concert at Carbondale Unitarian Fellowship on November 12, 2023, in Carbondale, Illinois.<\/p>\n<p>[\/et_pb_text][\/et_pb_column][et_pb_column type=&#8221;2_5&#8243; _builder_version=&#8221;4.6.4&#8243; _module_preset=&#8221;default&#8221;][et_pb_video src=&#8221;https:\/\/youtu.be\/Al5OoeQ5xN8&#8243; _builder_version=&#8221;4.6.4&#8243; _module_preset=&#8221;default&#8221;][\/et_pb_video][\/et_pb_column][\/et_pb_row][et_pb_row column_structure=&#8221;3_5,2_5&#8243; _builder_version=&#8221;4.6.4&#8243; _module_preset=&#8221;default&#8221;][et_pb_column type=&#8221;3_5&#8243; _builder_version=&#8221;4.6.4&#8243; _module_preset=&#8221;default&#8221;][et_pb_text _builder_version=&#8221;4.6.4&#8243; _module_preset=&#8221;default&#8221; text_font=&#8221;||||||||&#8221; text_text_color=&#8221;#222222&#8243; link_text_color=&#8221;#b27100&#8243; header_font=&#8221;Merriweather||||||||&#8221; header_text_color=&#8221;#000000&#8243; header_font_size=&#8221;4em&#8221; header_2_font=&#8221;Merriweather||||||||&#8221; header_3_font=&#8221;Merriweather||||||||&#8221; header_3_line_height=&#8221;1.75em&#8221; custom_margin=&#8221;||||false|false&#8221; custom_padding=&#8221;||||false|false&#8221;]<\/p>\n<h2 id=\"espera\"><span style=\"font-weight: 400;\">violeta<\/span><\/h2>\n<p><span style=\"font-weight: 400;\"><\/span><\/p>\n<p>n 2021, the S\u00e3o Paulo State Youth Symphonic Band performed the composition &#8216;Violeta&#8217; by Franco Galv\u00e3o.<\/p>\n<p>The concert took place on November 20, the Day of Black Consciousness. In homage, the music was composed by blending Maxixe with Ijex\u00e1, two rhythms very characteristic of the African cultural heritage of Brazilian music.<\/p>\n<p>The composition celebrates the arrival of little Violeta, who had just been born!<\/p>\n<p>[\/et_pb_text][\/et_pb_column][et_pb_column type=&#8221;2_5&#8243; _builder_version=&#8221;4.6.4&#8243; _module_preset=&#8221;default&#8221;][et_pb_video src=&#8221;https:\/\/youtu.be\/C22Eb9PQqK0&#8243; _builder_version=&#8221;4.6.4&#8243; _module_preset=&#8221;default&#8221;][\/et_pb_video][\/et_pb_column][\/et_pb_row][et_pb_row column_structure=&#8221;3_5,2_5&#8243; _builder_version=&#8221;4.6.4&#8243; _module_preset=&#8221;default&#8221;][et_pb_column type=&#8221;3_5&#8243; _builder_version=&#8221;4.6.4&#8243; _module_preset=&#8221;default&#8221;][et_pb_text _builder_version=&#8221;4.6.4&#8243; _module_preset=&#8221;default&#8221; text_font=&#8221;||||||||&#8221; text_text_color=&#8221;#222222&#8243; link_text_color=&#8221;#b27100&#8243; header_font=&#8221;Merriweather||||||||&#8221; header_text_color=&#8221;#000000&#8243; header_font_size=&#8221;4em&#8221; header_2_font=&#8221;Merriweather||||||||&#8221; header_3_font=&#8221;Merriweather||||||||&#8221; header_3_line_height=&#8221;1.75em&#8221; custom_margin=&#8221;||||false|false&#8221; custom_padding=&#8221;||||false|false&#8221;]<\/p>\n<h2><\/h2>\n<h2 id=\"espera\">espera<\/h2>\n<p><span style=\"font-weight: 400;\"><\/span><\/p>\n<p><span style=\"font-weight: 400;\">In 2019, Franco Galv\u00e3o and Fernando Sagawa received an award to do an artist residency at Rainbow Studio, located in Oslo, Norway.<\/span><\/p>\n<p><span style=\"font-weight: 400;\">Rainbow Studio is one of the main studios of the ECM Records jazz label, whose sound characteristics are marked by spaciousness, depth and introspection.<\/span><\/p>\n<p><span style=\"font-weight: 400;\">From the residence, the musicians brought an album played in duet &#8211; guitar and saxophone &#8211; and the repertoire is composed of authoral and non authoral music, traditional and contemporary compositions.<\/span><\/p>\n<p><span style=\"font-weight: 400;\">The album is named \u201cEspera\u201d (Await) and it is about to be released.\u00a0<\/span><\/p>\n<p><span style=\"font-weight: 400;\">Meanwhile, listen to the track <\/span><i><span style=\"font-weight: 400;\">\u00c0 Primeira Vista <\/span><\/i><span style=\"font-weight: 400;\">(<\/span><i><span style=\"font-weight: 400;\">At first sight<\/span><\/i><span style=\"font-weight: 400;\">), by Chico C\u00e9sar, in a instrumental version.<\/span><\/p>\n<p>[\/et_pb_text][\/et_pb_column][et_pb_column type=&#8221;2_5&#8243; _builder_version=&#8221;4.6.4&#8243; _module_preset=&#8221;default&#8221;][et_pb_text _builder_version=&#8221;4.6.4&#8243; _module_preset=&#8221;default&#8221;]<\/p>\n<p><iframe loading=\"lazy\" title=\"\u00c0 Primeira Vista (Chico C\u00e9sar) | Duo Sagawa Galv\u00e3o by Franco Galv\u00e3o\" width=\"1080\" height=\"400\" scrolling=\"no\" frameborder=\"no\" src=\"https:\/\/w.soundcloud.com\/player\/?visual=true&#038;url=https%3A%2F%2Fapi.soundcloud.com%2Ftracks%2F875116927&#038;show_artwork=true&#038;maxheight=1000&#038;maxwidth=1080&#038;secret_token=s-aqrH1274Onf\"><\/iframe><\/p>\n<p>[\/et_pb_text][\/et_pb_column][\/et_pb_row][et_pb_row column_structure=&#8221;3_5,2_5&#8243; _builder_version=&#8221;4.6.4&#8243; _module_preset=&#8221;default&#8221;][et_pb_column type=&#8221;3_5&#8243; _builder_version=&#8221;4.6.4&#8243; _module_preset=&#8221;default&#8221;][et_pb_text _builder_version=&#8221;4.6.4&#8243; _module_preset=&#8221;default&#8221; text_font=&#8221;||||||||&#8221; text_text_color=&#8221;#222222&#8243; link_text_color=&#8221;#b27100&#8243; header_font=&#8221;Merriweather||||||||&#8221; header_text_color=&#8221;#000000&#8243; header_font_size=&#8221;4em&#8221; header_2_font=&#8221;Merriweather||||||||&#8221; header_3_font=&#8221;Merriweather||||||||&#8221; header_3_line_height=&#8221;1.75em&#8221; width=&#8221;100%&#8221; custom_margin=&#8221;||||false|false&#8221; custom_padding=&#8221;||||false|false&#8221;]<\/p>\n<h2 id=\"dominguinhos\">dominguinhos canta em tr\u00eas<\/h2>\n<p><span style=\"font-weight: 400;\">\u201cDominguinhos sings in three\u201d is a musical concert created by N\u00e1 Ozzetti, Fernando Sagawa and Franco Galv\u00e3o in which songs by Dominguinhos are performed.<\/span><\/p>\n<p><span style=\"font-weight: 400;\">With arrangements elaborated by the Duo, the show is a tender but poignant call, resulting in a sincere moment between the audience, the work and the artists.<\/span><\/p>\n<p><span style=\"font-weight: 400;\">Watch the song <\/span><i><span style=\"font-weight: 400;\">Sopro de Flor<\/span><\/i><span style=\"font-weight: 400;\">.<\/span><\/p>\n<p>[\/et_pb_text][\/et_pb_column][et_pb_column type=&#8221;2_5&#8243; _builder_version=&#8221;4.6.4&#8243; _module_preset=&#8221;default&#8221;][et_pb_video src=&#8221;https:\/\/youtu.be\/ZYovGPdsFs8&#8243; _builder_version=&#8221;4.6.4&#8243; _module_preset=&#8221;default&#8221;][\/et_pb_video][\/et_pb_column][\/et_pb_row][et_pb_row column_structure=&#8221;3_5,2_5&#8243; _builder_version=&#8221;4.6.4&#8243; _module_preset=&#8221;default&#8221;][et_pb_column type=&#8221;3_5&#8243; _builder_version=&#8221;4.6.4&#8243; _module_preset=&#8221;default&#8221;][et_pb_text _builder_version=&#8221;4.6.4&#8243; _module_preset=&#8221;default&#8221; text_font=&#8221;||||||||&#8221; text_text_color=&#8221;#222222&#8243; link_text_color=&#8221;#b27100&#8243; header_font=&#8221;Merriweather||||||||&#8221; header_text_color=&#8221;#000000&#8243; header_font_size=&#8221;4em&#8221; header_2_font=&#8221;Merriweather||||||||&#8221; header_3_font=&#8221;Merriweather||||||||&#8221; header_3_line_height=&#8221;1.75em&#8221; custom_margin=&#8221;||||false|false&#8221; custom_padding=&#8221;||||false|false&#8221;]<\/p>\n<h2 id=\"guerrapeixe\">choros de guerra-peixe<\/h2>\n<p><span style=\"font-weight: 400;\">In celebration of C\u00e9sar Guerra-Peixe&#8217;s centenary, Franco Galv\u00e3o conceived a work to record a set of choros composed by the maestro.<\/span><\/p>\n<p><span style=\"font-weight: 400;\">After months of research, the original scores were brought from the Jane Guerra-Peixe Collection, and unveiled a very interesting and little-known repertoire.<\/span><\/p>\n<p><span style=\"font-weight: 400;\">The disc was released in 2016 and features 11 songs. The work had Jayme Vignoli and Nailor Proveta for the arrangements and musical direction.<\/span><\/p>\n<p><span style=\"font-weight: 400;\">Along with the CD, the project produced a songbook, which was sent to many research and teaching music institutions.<\/span><\/p>\n<p><span style=\"font-weight: 400;\">Watch the show held at Espa\u00e7o CPFL, in Campinas.<\/span><\/p>\n<p>[\/et_pb_text][\/et_pb_column][et_pb_column type=&#8221;2_5&#8243; _builder_version=&#8221;4.6.4&#8243; _module_preset=&#8221;default&#8221;][et_pb_video src=&#8221;https:\/\/youtu.be\/ON4e0GmIZww&#8221; _builder_version=&#8221;4.6.4&#8243; _module_preset=&#8221;default&#8221;][\/et_pb_video][\/et_pb_column][\/et_pb_row][et_pb_row column_structure=&#8221;3_5,2_5&#8243; _builder_version=&#8221;4.6.4&#8243; _module_preset=&#8221;default&#8221;][et_pb_column type=&#8221;3_5&#8243; _builder_version=&#8221;4.6.4&#8243; _module_preset=&#8221;default&#8221;][et_pb_text _builder_version=&#8221;4.6.4&#8243; _module_preset=&#8221;default&#8221; text_font=&#8221;||||||||&#8221; text_text_color=&#8221;#222222&#8243; link_text_color=&#8221;#b27100&#8243; header_font=&#8221;Merriweather||||||||&#8221; header_text_color=&#8221;#000000&#8243; header_font_size=&#8221;4em&#8221; header_2_font=&#8221;Merriweather||||||||&#8221; header_3_font=&#8221;Merriweather||||||||&#8221; header_3_line_height=&#8221;1.75em&#8221; custom_margin=&#8221;||||false|false&#8221; custom_padding=&#8221;||||false|false&#8221;]<\/p>\n<h2 id=\"raia\">deixa raiar<\/h2>\n<p><span style=\"font-weight: 400;\">Franco Galv\u00e3o and Fernando Sagawa have produced the album \u201cDeixa Raiar\u201d(2020), by singer Gabriela Raia.<\/span><\/p>\n<p><span style=\"font-weight: 400;\">In addition to writing the arrangements for the singer&#8217;s songs, the musicians recorded several instruments, directed the recording sessions, produced the electronic effects and decided on how the final results of mixing and mastering would sound.<\/span><\/p>\n<p><span style=\"font-weight: 400;\">The work was conceived having in mind the combination between several elements of Brazilian music, always focusing on rhythm and poetry.<\/span><\/p>\n<p><span style=\"font-weight: 400;\">The songs have been released little by little. <a href=\"https:\/\/open.spotify.com\/artist\/5JMuf69ixiH0cKhrrsKUpb?si=NSjqncWrQ0mnTyQ6kXSzLg&amp;dl_branch=1\" style=\"font-size: 14px;\">Listen to Gabriela Raia&#8217;s work on Spotify.<\/a><\/span><\/p>\n<p>[\/et_pb_text][\/et_pb_column][et_pb_column type=&#8221;2_5&#8243; _builder_version=&#8221;4.6.4&#8243; _module_preset=&#8221;default&#8221;][et_pb_video src=&#8221;https:\/\/www.youtube.com\/watch?v=TXVnwP2FzTE&#8221; _builder_version=&#8221;4.6.4&#8243; _module_preset=&#8221;default&#8221;][\/et_pb_video][\/et_pb_column][\/et_pb_row][\/et_pb_section]<\/p>\n","protected":false},"excerpt":{"rendered":"<p>[et_pb_section fb_built=&#8221;1&#8243; _builder_version=&#8221;4.6.4&#8243; _module_preset=&#8221;default&#8221; background_color=&#8221;#ffffff&#8221; background_image=&#8221;http:\/\/francogalvao.com\/wp-content\/uploads\/2021\/06\/bg-branco.png&#8221; background_size=&#8221;initial&#8221; background_repeat=&#8221;repeat&#8221;][et_pb_row _builder_version=&#8221;4.6.4&#8243; _module_preset=&#8221;default&#8221; custom_margin=&#8221;0px|auto|0px|auto|false|false&#8221; custom_padding=&#8221;0px||0px||false|false&#8221;][et_pb_column type=&#8221;4_4&#8243; _builder_version=&#8221;4.6.4&#8243; _module_preset=&#8221;default&#8221; custom_padding=&#8221;0px||0px||false|false&#8221;][et_pb_text _builder_version=&#8221;4.6.4&#8243; _module_preset=&#8221;default&#8221; text_font=&#8221;||||||||&#8221; text_text_color=&#8221;#222222&#8243; link_text_color=&#8221;#b27100&#8243; header_font=&#8221;Merriweather||||||||&#8221; header_text_color=&#8221;#000000&#8243; header_font_size=&#8221;4em&#8221; header_2_font=&#8221;Merriweather||||||||&#8221; header_3_font=&#8221;Merriweather||||||||&#8221; header_3_line_height=&#8221;1.75em&#8221; width=&#8221;100%&#8221; min_height=&#8221;32px&#8221; custom_margin=&#8221;||||false|false&#8221; custom_padding=&#8221;||18px||false|false&#8221; hover_enabled=&#8221;0&#8243; sticky_enabled=&#8221;0&#8243;] productions [\/et_pb_text][\/et_pb_column][\/et_pb_row][et_pb_row column_structure=&#8221;1_2,1_2&#8243; _builder_version=&#8221;4.6.4&#8243; _module_preset=&#8221;default&#8221;][et_pb_column type=&#8221;1_2&#8243; _builder_version=&#8221;4.6.4&#8243; _module_preset=&#8221;default&#8221;][et_pb_text _builder_version=&#8221;4.6.4&#8243; _module_preset=&#8221;default&#8221; text_font=&#8221;||||||||&#8221; text_text_color=&#8221;#222222&#8243; link_text_color=&#8221;#b27100&#8243; header_font=&#8221;Merriweather||||||||&#8221; header_text_color=&#8221;#000000&#8243; header_font_size=&#8221;4em&#8221; header_2_font=&#8221;Merriweather||||||||&#8221; header_3_font=&#8221;Merriweather||||||||&#8221; header_3_line_height=&#8221;1.75em&#8221; custom_margin=&#8221;||||false|false&#8221; custom_padding=&#8221;||0px||false|false&#8221;] vadico [&hellip;]<\/p>\n","protected":false},"author":1,"featured_media":0,"parent":0,"menu_order":0,"comment_status":"closed","ping_status":"closed","template":"","meta":{"_et_pb_use_builder":"on","_et_pb_old_content":"","_et_gb_content_width":"","om_disable_all_campaigns":false,"_monsterinsights_skip_tracking":false,"_monsterinsights_sitenote_active":false,"_monsterinsights_sitenote_note":"","_monsterinsights_sitenote_category":0,"footnotes":""},"aioseo_notices":[],"_links":{"self":[{"href":"https:\/\/francogalvao.com\/index.php?rest_route=\/wp\/v2\/pages\/530"}],"collection":[{"href":"https:\/\/francogalvao.com\/index.php?rest_route=\/wp\/v2\/pages"}],"about":[{"href":"https:\/\/francogalvao.com\/index.php?rest_route=\/wp\/v2\/types\/page"}],"author":[{"embeddable":true,"href":"https:\/\/francogalvao.com\/index.php?rest_route=\/wp\/v2\/users\/1"}],"replies":[{"embeddable":true,"href":"https:\/\/francogalvao.com\/index.php?rest_route=%2Fwp%2Fv2%2Fcomments&post=530"}],"version-history":[{"count":24,"href":"https:\/\/francogalvao.com\/index.php?rest_route=\/wp\/v2\/pages\/530\/revisions"}],"predecessor-version":[{"id":701,"href":"https:\/\/francogalvao.com\/index.php?rest_route=\/wp\/v2\/pages\/530\/revisions\/701"}],"wp:attachment":[{"href":"https:\/\/francogalvao.com\/index.php?rest_route=%2Fwp%2Fv2%2Fmedia&parent=530"}],"curies":[{"name":"wp","href":"https:\/\/api.w.org\/{rel}","templated":true}]}}